{"id":2012,"date":"2026-03-21T15:37:59","date_gmt":"2026-03-21T15:37:59","guid":{"rendered":"https:\/\/mscyber.tech\/?page_id=2012"},"modified":"2026-03-21T16:08:50","modified_gmt":"2026-03-21T16:08:50","slug":"governanca-cibernetica","status":"publish","type":"page","link":"https:\/\/mscyber.tech\/pt\/governanca-cibernetica\/","title":{"rendered":"Governan\u00e7a cibern\u00e9tica"},"content":{"rendered":"<div data-elementor-type=\"wp-page\" data-elementor-id=\"2012\" class=\"elementor elementor-2012\" data-elementor-settings=\"{&quot;ha_cmc_init_switcher&quot;:&quot;no&quot;}\" data-elementor-post-type=\"page\">\n\t\t\t\t<div class=\"elementor-element elementor-element-6ee7116 e-flex e-con-boxed e-con e-parent\" data-id=\"6ee7116\" data-element_type=\"container\" data-e-type=\"container\" data-settings=\"{&quot;background_background&quot;:&quot;classic&quot;,&quot;_ha_eqh_enable&quot;:false}\">\n\t\t\t\t\t<div class=\"e-con-inner\">\n\t\t<div class=\"elementor-element elementor-element-18cb9df e-con-full e-flex e-con e-child\" data-id=\"18cb9df\" data-element_type=\"container\" data-e-type=\"container\" data-settings=\"{&quot;_ha_eqh_enable&quot;:false}\">\n\t\t<div class=\"elementor-element elementor-element-8885a7b e-con-full e-flex e-con e-child\" data-id=\"8885a7b\" data-element_type=\"container\" data-e-type=\"container\" data-settings=\"{&quot;_ha_eqh_enable&quot;:false}\">\n\t\t<div class=\"elementor-element elementor-element-efb314f e-con-full e-flex elementor-invisible e-con e-child\" data-id=\"efb314f\" data-element_type=\"container\" data-e-type=\"container\" data-settings=\"{&quot;animation&quot;:&quot;fadeInUp&quot;,&quot;_ha_eqh_enable&quot;:false}\">\n\t\t<div class=\"elementor-element elementor-element-df18051 e-con-full e-flex e-con e-child\" data-id=\"df18051\" data-element_type=\"container\" data-e-type=\"container\" data-settings=\"{&quot;background_background&quot;:&quot;classic&quot;,&quot;_ha_eqh_enable&quot;:false}\">\n\t\t\t\t<div class=\"elementor-element elementor-element-5a83329 elementor-icon-list--layout-inline elementor-list-item-link-full_width elementor-widget elementor-widget-icon-list\" data-id=\"5a83329\" data-element_type=\"widget\" data-e-type=\"widget\" data-widget_type=\"icon-list.default\">\n\t\t\t\t\t\t\t<ul class=\"elementor-icon-list-items elementor-inline-items\">\n\t\t\t\t\t\t\t<li class=\"elementor-icon-list-item elementor-inline-item\">\n\t\t\t\t\t\t\t\t\t\t\t<a href=\"#\">\n\n\t\t\t\t\t\t\t\t\t\t\t<span class=\"elementor-icon-list-text\">In\u00edcio \/<\/span>\n\t\t\t\t\t\t\t\t\t\t\t<\/a>\n\t\t\t\t\t\t\t\t\t<\/li>\n\t\t\t\t\t\t<\/ul>\n\t\t\t\t\t\t<\/div>\n\t\t\t\t<div class=\"elementor-element elementor-element-7f2833f elementor-icon-list--layout-inline elementor-list-item-link-full_width elementor-widget elementor-widget-icon-list\" data-id=\"7f2833f\" data-element_type=\"widget\" data-e-type=\"widget\" data-widget_type=\"icon-list.default\">\n\t\t\t\t\t\t\t<ul class=\"elementor-icon-list-items elementor-inline-items\">\n\t\t\t\t\t\t\t<li class=\"elementor-icon-list-item elementor-inline-item\">\n\t\t\t\t\t\t\t\t\t\t\t<a href=\"#\">\n\n\t\t\t\t\t\t\t\t\t\t\t<span class=\"elementor-icon-list-text\">Solu\u00e7\u00f5es \/<\/span>\n\t\t\t\t\t\t\t\t\t\t\t<\/a>\n\t\t\t\t\t\t\t\t\t<\/li>\n\t\t\t\t\t\t<\/ul>\n\t\t\t\t\t\t<\/div>\n\t\t\t\t<div class=\"elementor-element elementor-element-e684e27 elementor-icon-list--layout-inline elementor-list-item-link-full_width elementor-widget elementor-widget-icon-list\" data-id=\"e684e27\" data-element_type=\"widget\" data-e-type=\"widget\" data-widget_type=\"icon-list.default\">\n\t\t\t\t\t\t\t<ul class=\"elementor-icon-list-items elementor-inline-items\">\n\t\t\t\t\t\t\t<li class=\"elementor-icon-list-item elementor-inline-item\">\n\t\t\t\t\t\t\t\t\t\t<span class=\"elementor-icon-list-text\">Governan\u00e7a cibern\u00e9tica<\/span>\n\t\t\t\t\t\t\t\t\t<\/li>\n\t\t\t\t\t\t<\/ul>\n\t\t\t\t\t\t<\/div>\n\t\t\t\t<\/div>\n\t\t<div class=\"elementor-element elementor-element-32e6096 e-con-full e-flex e-con e-child\" data-id=\"32e6096\" data-element_type=\"container\" data-e-type=\"container\" data-settings=\"{&quot;_ha_eqh_enable&quot;:false}\">\n\t\t\t\t<div class=\"elementor-element elementor-element-f7faa35 elementor-widget-tablet_extra__width-initial elementor-widget elementor-widget-heading\" data-id=\"f7faa35\" data-element_type=\"widget\" data-e-type=\"widget\" data-widget_type=\"heading.default\">\n\t\t\t\t\t<h2 class=\"elementor-heading-title elementor-size-default\">Consultoria e Governan\u00e7a de Riscos Cibern\u00e9ticos<\/h2>\t\t\t\t<\/div>\n\t\t\t\t<\/div>\n\t\t<div class=\"elementor-element elementor-element-8d89b98 e-con-full e-flex e-con e-child\" data-id=\"8d89b98\" data-element_type=\"container\" data-e-type=\"container\" data-settings=\"{&quot;_ha_eqh_enable&quot;:false}\">\n\t\t\t\t<div class=\"elementor-element elementor-element-0b3fdd3 elementor-widget__width-inherit elementor-widget elementor-widget-text-editor\" data-id=\"0b3fdd3\" data-element_type=\"widget\" data-e-type=\"widget\" data-widget_type=\"text-editor.default\">\n\t\t\t\t\t\t\t\t\t<p>Mercurius ajuda organiza\u00e7\u00f5es a alinhar a estrat\u00e9gia de ciberseguran\u00e7a com estruturas de governan\u00e7a, requisitos de conformidade e supervis\u00e3o executiva.<\/p>\t\t\t\t\t\t\t\t<\/div>\n\t\t\t\t<div class=\"elementor-element elementor-element-0205f90 elementor-widget elementor-widget-button\" data-id=\"0205f90\" data-element_type=\"widget\" data-e-type=\"widget\" data-widget_type=\"button.default\">\n\t\t\t\t\t\t\t\t\t\t<a class=\"elementor-button elementor-button-link elementor-size-sm\" href=\"https:\/\/wa.me\/56994096012\">\n\t\t\t\t\t\t<span class=\"elementor-button-content-wrapper\">\n\t\t\t\t\t\t\t\t\t<span class=\"elementor-button-text\">Entre em contato<\/span>\n\t\t\t\t\t<\/span>\n\t\t\t\t\t<\/a>\n\t\t\t\t\t\t\t\t<\/div>\n\t\t\t\t<\/div>\n\t\t\t\t<\/div>\n\t\t\t\t<\/div>\n\t\t<div class=\"elementor-element elementor-element-babf508 e-con-full e-flex e-con e-child\" data-id=\"babf508\" data-element_type=\"container\" data-e-type=\"container\" data-settings=\"{&quot;_ha_eqh_enable&quot;:false}\">\n\t\t<div class=\"elementor-element elementor-element-d7bb9db e-con-full solution_counter_box e-flex e-con e-child\" data-id=\"d7bb9db\" data-element_type=\"container\" data-e-type=\"container\" data-settings=\"{&quot;_ha_eqh_enable&quot;:false}\">\n\t\t<div class=\"elementor-element elementor-element-415c723 e-con-full number_card e-flex e-con e-child\" data-id=\"415c723\" data-element_type=\"container\" data-e-type=\"container\" data-settings=\"{&quot;_ha_eqh_enable&quot;:false}\">\n\t\t\t\t<div class=\"elementor-element elementor-element-f47a84e elementor-absolute elementor-widget elementor-widget-heading\" data-id=\"f47a84e\" data-element_type=\"widget\" data-e-type=\"widget\" data-settings=\"{&quot;_position&quot;:&quot;absolute&quot;}\" data-widget_type=\"heading.default\">\n\t\t\t\t\t<h2 class=\"elementor-heading-title elementor-size-default\">01<\/h2>\t\t\t\t<\/div>\n\t\t\t\t<div class=\"elementor-element elementor-element-d8e5117 elementor-widget__width-inherit number_overlay elementor-widget elementor-widget-image\" data-id=\"d8e5117\" data-element_type=\"widget\" data-e-type=\"widget\" data-widget_type=\"image.default\">\n\t\t\t\t\t\t\t\t\t\t\t\t\t\t\t<img fetchpriority=\"high\" decoding=\"async\" width=\"286\" height=\"433\" src=\"https:\/\/mscyber.tech\/wp-content\/uploads\/2026\/03\/Rectangle-6522.png\" class=\"attachment-full size-full wp-image-1955\" alt=\"\" srcset=\"https:\/\/mscyber.tech\/wp-content\/uploads\/2026\/03\/Rectangle-6522.png 286w, https:\/\/mscyber.tech\/wp-content\/uploads\/2026\/03\/Rectangle-6522-198x300.png 198w, https:\/\/mscyber.tech\/wp-content\/uploads\/2026\/03\/Rectangle-6522-8x12.png 8w\" sizes=\"(max-width: 286px) 100vw, 286px\" \/>\t\t\t\t\t\t\t\t\t\t\t\t\t\t\t<\/div>\n\t\t\t\t<\/div>\n\t\t<div class=\"elementor-element elementor-element-e0f3d7b e-con-full number_card e-flex e-con e-child\" data-id=\"e0f3d7b\" data-element_type=\"container\" data-e-type=\"container\" data-settings=\"{&quot;_ha_eqh_enable&quot;:false}\">\n\t\t\t\t<div class=\"elementor-element elementor-element-fe718c0 elementor-absolute elementor-widget elementor-widget-heading\" data-id=\"fe718c0\" data-element_type=\"widget\" data-e-type=\"widget\" data-settings=\"{&quot;_position&quot;:&quot;absolute&quot;}\" data-widget_type=\"heading.default\">\n\t\t\t\t\t<h2 class=\"elementor-heading-title elementor-size-default\">02<\/h2>\t\t\t\t<\/div>\n\t\t\t\t<div class=\"elementor-element elementor-element-b257fec elementor-widget__width-inherit number_overlay  elementor-widget elementor-widget-image\" data-id=\"b257fec\" data-element_type=\"widget\" data-e-type=\"widget\" data-widget_type=\"image.default\">\n\t\t\t\t\t\t\t\t\t\t\t\t\t\t\t<img fetchpriority=\"high\" decoding=\"async\" width=\"286\" height=\"433\" src=\"https:\/\/mscyber.tech\/wp-content\/uploads\/2026\/03\/Rectangle-6522.png\" class=\"attachment-full size-full wp-image-1955\" alt=\"\" srcset=\"https:\/\/mscyber.tech\/wp-content\/uploads\/2026\/03\/Rectangle-6522.png 286w, https:\/\/mscyber.tech\/wp-content\/uploads\/2026\/03\/Rectangle-6522-198x300.png 198w, https:\/\/mscyber.tech\/wp-content\/uploads\/2026\/03\/Rectangle-6522-8x12.png 8w\" sizes=\"(max-width: 286px) 100vw, 286px\" \/>\t\t\t\t\t\t\t\t\t\t\t\t\t\t\t<\/div>\n\t\t\t\t<\/div>\n\t\t<div class=\"elementor-element elementor-element-9091017 e-con-full number_card e-flex e-con e-child\" data-id=\"9091017\" data-element_type=\"container\" data-e-type=\"container\" data-settings=\"{&quot;_ha_eqh_enable&quot;:false}\">\n\t\t\t\t<div class=\"elementor-element elementor-element-1fafe57 elementor-absolute elementor-widget elementor-widget-heading\" data-id=\"1fafe57\" data-element_type=\"widget\" data-e-type=\"widget\" data-settings=\"{&quot;_position&quot;:&quot;absolute&quot;}\" data-widget_type=\"heading.default\">\n\t\t\t\t\t<h2 class=\"elementor-heading-title elementor-size-default\">03<\/h2>\t\t\t\t<\/div>\n\t\t\t\t<div class=\"elementor-element elementor-element-30f926c elementor-widget__width-inherit number_overlay elementor-widget elementor-widget-image\" data-id=\"30f926c\" data-element_type=\"widget\" data-e-type=\"widget\" data-widget_type=\"image.default\">\n\t\t\t\t\t\t\t\t\t\t\t\t\t\t\t<img fetchpriority=\"high\" decoding=\"async\" width=\"286\" height=\"433\" src=\"https:\/\/mscyber.tech\/wp-content\/uploads\/2026\/03\/Rectangle-6522.png\" class=\"attachment-full size-full wp-image-1955\" alt=\"\" srcset=\"https:\/\/mscyber.tech\/wp-content\/uploads\/2026\/03\/Rectangle-6522.png 286w, https:\/\/mscyber.tech\/wp-content\/uploads\/2026\/03\/Rectangle-6522-198x300.png 198w, https:\/\/mscyber.tech\/wp-content\/uploads\/2026\/03\/Rectangle-6522-8x12.png 8w\" sizes=\"(max-width: 286px) 100vw, 286px\" \/>\t\t\t\t\t\t\t\t\t\t\t\t\t\t\t<\/div>\n\t\t\t\t<\/div>\n\t\t<div class=\"elementor-element elementor-element-1ebeabe e-con-full number_card e-flex e-con e-child\" data-id=\"1ebeabe\" data-element_type=\"container\" data-e-type=\"container\" data-settings=\"{&quot;_ha_eqh_enable&quot;:false}\">\n\t\t\t\t<div class=\"elementor-element elementor-element-ae2a158 elementor-absolute elementor-widget elementor-widget-heading\" data-id=\"ae2a158\" data-element_type=\"widget\" data-e-type=\"widget\" data-settings=\"{&quot;_position&quot;:&quot;absolute&quot;}\" data-widget_type=\"heading.default\">\n\t\t\t\t\t<h2 class=\"elementor-heading-title elementor-size-default\">04<\/h2>\t\t\t\t<\/div>\n\t\t\t\t<div class=\"elementor-element elementor-element-00d3eb1 elementor-widget__width-inherit number_overlay active elementor-widget elementor-widget-image\" data-id=\"00d3eb1\" data-element_type=\"widget\" data-e-type=\"widget\" data-widget_type=\"image.default\">\n\t\t\t\t\t\t\t\t\t\t\t\t\t\t\t<img fetchpriority=\"high\" decoding=\"async\" width=\"286\" height=\"433\" src=\"https:\/\/mscyber.tech\/wp-content\/uploads\/2026\/03\/Rectangle-6522.png\" class=\"attachment-full size-full wp-image-1955\" alt=\"\" srcset=\"https:\/\/mscyber.tech\/wp-content\/uploads\/2026\/03\/Rectangle-6522.png 286w, https:\/\/mscyber.tech\/wp-content\/uploads\/2026\/03\/Rectangle-6522-198x300.png 198w, https:\/\/mscyber.tech\/wp-content\/uploads\/2026\/03\/Rectangle-6522-8x12.png 8w\" sizes=\"(max-width: 286px) 100vw, 286px\" \/>\t\t\t\t\t\t\t\t\t\t\t\t\t\t\t<\/div>\n\t\t\t\t<\/div>\n\t\t\t\t<div class=\"elementor-element elementor-element-98c8bf8 elementor-widget__width-initial elementor-absolute elementor-widget elementor-widget-image\" data-id=\"98c8bf8\" data-element_type=\"widget\" data-e-type=\"widget\" data-settings=\"{&quot;_position&quot;:&quot;absolute&quot;}\" data-widget_type=\"image.default\">\n\t\t\t\t\t\t\t\t\t\t\t\t\t\t\t<img decoding=\"async\" width=\"1237\" height=\"351\" src=\"https:\/\/mscyber.tech\/wp-content\/uploads\/2026\/03\/Vector-3270.png\" class=\"attachment-full size-full wp-image-1956\" alt=\"\" srcset=\"https:\/\/mscyber.tech\/wp-content\/uploads\/2026\/03\/Vector-3270.png 1237w, https:\/\/mscyber.tech\/wp-content\/uploads\/2026\/03\/Vector-3270-300x85.png 300w, https:\/\/mscyber.tech\/wp-content\/uploads\/2026\/03\/Vector-3270-1024x291.png 1024w, https:\/\/mscyber.tech\/wp-content\/uploads\/2026\/03\/Vector-3270-768x218.png 768w, https:\/\/mscyber.tech\/wp-content\/uploads\/2026\/03\/Vector-3270-18x5.png 18w\" sizes=\"(max-width: 1237px) 100vw, 1237px\" \/>\t\t\t\t\t\t\t\t\t\t\t\t\t\t\t<\/div>\n\t\t\t\t<\/div>\n\t\t<div class=\"elementor-element elementor-element-0cfcf70 e-con-full e-flex e-con e-child\" data-id=\"0cfcf70\" data-element_type=\"container\" data-e-type=\"container\" data-settings=\"{&quot;position&quot;:&quot;absolute&quot;,&quot;_ha_eqh_enable&quot;:false}\">\n\t\t<div class=\"elementor-element elementor-element-992ec16 e-con-full single_item e-flex e-con e-child\" data-id=\"992ec16\" data-element_type=\"container\" data-e-type=\"container\" data-settings=\"{&quot;_ha_eqh_enable&quot;:false}\">\n\t\t\t\t<div class=\"elementor-element elementor-element-3f387d2 elementor-widget elementor-widget-heading\" data-id=\"3f387d2\" data-element_type=\"widget\" data-e-type=\"widget\" data-widget_type=\"heading.default\">\n\t\t\t\t\t<h2 class=\"elementor-heading-title elementor-size-default\">01<\/h2>\t\t\t\t<\/div>\n\t\t\t\t<div class=\"elementor-element elementor-element-77af4f5 elementor-widget elementor-widget-heading\" data-id=\"77af4f5\" data-element_type=\"widget\" data-e-type=\"widget\" data-widget_type=\"heading.default\">\n\t\t\t\t\t<h2 class=\"elementor-heading-title elementor-size-default\">vCISO<\/h2>\t\t\t\t<\/div>\n\t\t\t\t<div class=\"elementor-element elementor-element-7f0cb29 elementor-widget elementor-widget-text-editor\" data-id=\"7f0cb29\" data-element_type=\"widget\" data-e-type=\"widget\" data-widget_type=\"text-editor.default\">\n\t\t\t\t\t\t\t\t\t<p>Lideran\u00e7a executiva para estrat\u00e9gia de ciberseguran\u00e7a.<\/p>\t\t\t\t\t\t\t\t<\/div>\n\t\t\t\t<\/div>\n\t\t<div class=\"elementor-element elementor-element-08cb3d7 e-con-full single_item  e-flex e-con e-child\" data-id=\"08cb3d7\" data-element_type=\"container\" data-e-type=\"container\" data-settings=\"{&quot;_ha_eqh_enable&quot;:false}\">\n\t\t\t\t<div class=\"elementor-element elementor-element-383ead1 elementor-widget elementor-widget-heading\" data-id=\"383ead1\" data-element_type=\"widget\" data-e-type=\"widget\" data-widget_type=\"heading.default\">\n\t\t\t\t\t<h2 class=\"elementor-heading-title elementor-size-default\">02<\/h2>\t\t\t\t<\/div>\n\t\t\t\t<div class=\"elementor-element elementor-element-bfbe41d elementor-widget elementor-widget-heading\" data-id=\"bfbe41d\" data-element_type=\"widget\" data-e-type=\"widget\" data-widget_type=\"heading.default\">\n\t\t\t\t\t<h2 class=\"elementor-heading-title elementor-size-default\">Consultoria de Riscos<\/h2>\t\t\t\t<\/div>\n\t\t\t\t<div class=\"elementor-element elementor-element-806beff elementor-widget elementor-widget-text-editor\" data-id=\"806beff\" data-element_type=\"widget\" data-e-type=\"widget\" data-widget_type=\"text-editor.default\">\n\t\t\t\t\t\t\t\t\t<p>Avalia\u00e7\u00f5es de risco alinhadas \u00e0s prioridades de neg\u00f3cios.<\/p>\t\t\t\t\t\t\t\t<\/div>\n\t\t\t\t<\/div>\n\t\t<div class=\"elementor-element elementor-element-b6f58e1 e-con-full single_item  e-flex e-con e-child\" data-id=\"b6f58e1\" data-element_type=\"container\" data-e-type=\"container\" data-settings=\"{&quot;_ha_eqh_enable&quot;:false}\">\n\t\t\t\t<div class=\"elementor-element elementor-element-57e6374 elementor-widget elementor-widget-heading\" data-id=\"57e6374\" data-element_type=\"widget\" data-e-type=\"widget\" data-widget_type=\"heading.default\">\n\t\t\t\t\t<h2 class=\"elementor-heading-title elementor-size-default\">03<\/h2>\t\t\t\t<\/div>\n\t\t\t\t<div class=\"elementor-element elementor-element-21ad7d1 elementor-widget elementor-widget-heading\" data-id=\"21ad7d1\" data-element_type=\"widget\" data-e-type=\"widget\" data-widget_type=\"heading.default\">\n\t\t\t\t\t<h2 class=\"elementor-heading-title elementor-size-default\">Conformidade<\/h2>\t\t\t\t<\/div>\n\t\t\t\t<div class=\"elementor-element elementor-element-e94da04 elementor-widget elementor-widget-text-editor\" data-id=\"e94da04\" data-element_type=\"widget\" data-e-type=\"widget\" data-widget_type=\"text-editor.default\">\n\t\t\t\t\t\t\t\t\t<p>Implementa\u00e7\u00e3o de frameworks:<\/p>\t\t\t\t\t\t\t\t<\/div>\n\t\t\t\t<div class=\"elementor-element elementor-element-6393ee0 elementor-widget elementor-widget-text-editor\" data-id=\"6393ee0\" data-element_type=\"widget\" data-e-type=\"widget\" data-widget_type=\"text-editor.default\">\n\t\t\t\t\t\t\t\t\t<p>ISO 27001 | NIST CSF | SOC 2 | PCI DSS | GDPR<\/p>\t\t\t\t\t\t\t\t<\/div>\n\t\t\t\t<\/div>\n\t\t<div class=\"elementor-element elementor-element-2a38172 e-con-full single_item active e-flex e-con e-child\" data-id=\"2a38172\" data-element_type=\"container\" data-e-type=\"container\" data-settings=\"{&quot;_ha_eqh_enable&quot;:false}\">\n\t\t\t\t<div class=\"elementor-element elementor-element-a3e13d2 elementor-widget elementor-widget-heading\" data-id=\"a3e13d2\" data-element_type=\"widget\" data-e-type=\"widget\" data-widget_type=\"heading.default\">\n\t\t\t\t\t<h2 class=\"elementor-heading-title elementor-size-default\">04<\/h2>\t\t\t\t<\/div>\n\t\t\t\t<div class=\"elementor-element elementor-element-e875378 elementor-widget elementor-widget-heading\" data-id=\"e875378\" data-element_type=\"widget\" data-e-type=\"widget\" data-widget_type=\"heading.default\">\n\t\t\t\t\t<h2 class=\"elementor-heading-title elementor-size-default\">Relat\u00f3rios para o Conselho<\/h2>\t\t\t\t<\/div>\n\t\t\t\t<div class=\"elementor-element elementor-element-41d2ba5 elementor-widget elementor-widget-text-editor\" data-id=\"41d2ba5\" data-element_type=\"widget\" data-e-type=\"widget\" data-widget_type=\"text-editor.default\">\n\t\t\t\t\t\t\t\t\t<p>Relat\u00f3rio executivo sobre postura e maturidade de risco cibern\u00e9tico.<\/p>\t\t\t\t\t\t\t\t<\/div>\n\t\t\t\t<\/div>\n\t\t\t\t<\/div>\n\t\t\t\t<\/div>\n\t\t\t\t<\/div>\n\t\t\t\t<div class=\"elementor-element elementor-element-3b068d3 elementor-absolute elementor-widget-tablet__width-initial hero_left_shape elementor-widget elementor-widget-image\" data-id=\"3b068d3\" data-element_type=\"widget\" data-e-type=\"widget\" data-settings=\"{&quot;_position&quot;:&quot;absolute&quot;}\" data-widget_type=\"image.default\">\n\t\t\t\t\t\t\t\t\t\t\t\t\t\t\t<img decoding=\"async\" width=\"641\" height=\"827\" src=\"https:\/\/mscyber.tech\/wp-content\/uploads\/2026\/03\/Group-1261153010-1.webp\" class=\"attachment-full size-full wp-image-1810\" alt=\"\" srcset=\"https:\/\/mscyber.tech\/wp-content\/uploads\/2026\/03\/Group-1261153010-1.webp 641w, https:\/\/mscyber.tech\/wp-content\/uploads\/2026\/03\/Group-1261153010-1-233x300.webp 233w, https:\/\/mscyber.tech\/wp-content\/uploads\/2026\/03\/Group-1261153010-1-9x12.webp 9w\" sizes=\"(max-width: 641px) 100vw, 641px\" \/>\t\t\t\t\t\t\t\t\t\t\t\t\t\t\t<\/div>\n\t\t\t\t<div class=\"elementor-element elementor-element-b398918 elementor-absolute elementor-widget-tablet__width-initial hero_left_shape elementor-widget elementor-widget-image\" data-id=\"b398918\" data-element_type=\"widget\" data-e-type=\"widget\" data-settings=\"{&quot;_position&quot;:&quot;absolute&quot;}\" data-widget_type=\"image.default\">\n\t\t\t\t\t\t\t\t\t\t\t\t\t\t\t<img loading=\"lazy\" decoding=\"async\" width=\"641\" height=\"827\" src=\"https:\/\/mscyber.tech\/wp-content\/uploads\/2026\/03\/Group-1261153006-1.webp\" class=\"attachment-full size-full wp-image-1811\" alt=\"\" srcset=\"https:\/\/mscyber.tech\/wp-content\/uploads\/2026\/03\/Group-1261153006-1.webp 641w, https:\/\/mscyber.tech\/wp-content\/uploads\/2026\/03\/Group-1261153006-1-233x300.webp 233w, https:\/\/mscyber.tech\/wp-content\/uploads\/2026\/03\/Group-1261153006-1-9x12.webp 9w\" sizes=\"(max-width: 641px) 100vw, 641px\" \/>\t\t\t\t\t\t\t\t\t\t\t\t\t\t\t<\/div>\n\t\t\t\t<div class=\"elementor-element elementor-element-38e90f7 elementor-widget elementor-widget-html\" data-id=\"38e90f7\" data-element_type=\"widget\" data-e-type=\"widget\" data-widget_type=\"html.default\">\n\t\t\t\t\t\n\n\n\n\n<script>\njQuery(window).on('load', function() {\n    jQuery('.hero_left_shape').css('display', 'block').hide().fadeIn(800);\n});\n<\/script>\t\t\t\t<\/div>\n\t\t\t\t\t<\/div>\n\t\t\t\t<\/div>\n\t\t\t\t<\/div>","protected":false},"excerpt":{"rendered":"<p>Home \/ Solutions \/ Cyber Governance Cyber Risk Advisory &amp; Governance Mercurius helps organizations align cybersecurity strategy with governance frameworks, compliance requirements and executive oversight. Get in Touch 01 02 03 04 01 vCISO Executive leadership for cybersecurity strategy. 02 Risk Advisory Risk assessments aligned with business priorities. 03 Compliance Implementation of frameworks: ISO 27001 [&hellip;]<\/p>\n","protected":false},"author":3,"featured_media":1108,"parent":0,"menu_order":0,"comment_status":"closed","ping_status":"closed","template":"elementor_header_footer","meta":{"footnotes":""},"class_list":["post-2012","page","type-page","status-publish","has-post-thumbnail","hentry"],"_hostinger_reach_plugin_has_subscription_block":false,"_hostinger_reach_plugin_is_elementor":false,"_links":{"self":[{"href":"https:\/\/mscyber.tech\/pt\/wp-json\/wp\/v2\/pages\/2012","targetHints":{"allow":["GET"]}}],"collection":[{"href":"https:\/\/mscyber.tech\/pt\/wp-json\/wp\/v2\/pages"}],"about":[{"href":"https:\/\/mscyber.tech\/pt\/wp-json\/wp\/v2\/types\/page"}],"author":[{"embeddable":true,"href":"https:\/\/mscyber.tech\/pt\/wp-json\/wp\/v2\/users\/3"}],"replies":[{"embeddable":true,"href":"https:\/\/mscyber.tech\/pt\/wp-json\/wp\/v2\/comments?post=2012"}],"version-history":[{"count":7,"href":"https:\/\/mscyber.tech\/pt\/wp-json\/wp\/v2\/pages\/2012\/revisions"}],"predecessor-version":[{"id":2024,"href":"https:\/\/mscyber.tech\/pt\/wp-json\/wp\/v2\/pages\/2012\/revisions\/2024"}],"wp:featuredmedia":[{"embeddable":true,"href":"https:\/\/mscyber.tech\/pt\/wp-json\/wp\/v2\/media\/1108"}],"wp:attachment":[{"href":"https:\/\/mscyber.tech\/pt\/wp-json\/wp\/v2\/media?parent=2012"}],"curies":[{"name":"wp","href":"https:\/\/api.w.org\/{rel}","templated":true}]}}