{"id":1842,"date":"2026-03-19T17:29:18","date_gmt":"2026-03-19T17:29:18","guid":{"rendered":"https:\/\/mscyber.tech\/?page_id=1842"},"modified":"2026-03-24T06:00:21","modified_gmt":"2026-03-24T06:00:21","slug":"contato","status":"publish","type":"page","link":"https:\/\/mscyber.tech\/pt\/contato\/","title":{"rendered":"Contato"},"content":{"rendered":"<div data-elementor-type=\"wp-page\" data-elementor-id=\"1842\" class=\"elementor elementor-1842\" data-elementor-settings=\"{&quot;ha_cmc_init_switcher&quot;:&quot;no&quot;}\" data-elementor-post-type=\"page\">\n\t\t\t\t<div class=\"elementor-element elementor-element-60f3c61 e-flex e-con-boxed e-con e-parent\" data-id=\"60f3c61\" data-element_type=\"container\" data-e-type=\"container\" data-settings=\"{&quot;background_background&quot;:&quot;classic&quot;,&quot;_ha_eqh_enable&quot;:false}\">\n\t\t\t\t\t<div class=\"e-con-inner\">\n\t\t<div class=\"elementor-element elementor-element-c8b1503 e-con-full e-flex e-con e-child\" data-id=\"c8b1503\" data-element_type=\"container\" data-e-type=\"container\" data-settings=\"{&quot;_ha_eqh_enable&quot;:false}\">\n\t\t<div class=\"elementor-element elementor-element-138d3da e-con-full e-flex e-con e-child\" data-id=\"138d3da\" data-element_type=\"container\" data-e-type=\"container\" data-settings=\"{&quot;_ha_eqh_enable&quot;:false}\">\n\t\t<div class=\"elementor-element elementor-element-753f31d e-con-full e-flex elementor-invisible e-con e-child\" data-id=\"753f31d\" data-element_type=\"container\" data-e-type=\"container\" data-settings=\"{&quot;animation&quot;:&quot;fadeInUp&quot;,&quot;_ha_eqh_enable&quot;:false}\">\n\t\t<div class=\"elementor-element elementor-element-78a4963 e-con-full e-flex e-con e-child\" data-id=\"78a4963\" data-element_type=\"container\" data-e-type=\"container\" data-settings=\"{&quot;background_background&quot;:&quot;classic&quot;,&quot;_ha_eqh_enable&quot;:false}\">\n\t\t\t\t<div class=\"elementor-element elementor-element-2fe9e96 elementor-icon-list--layout-inline elementor-list-item-link-full_width elementor-widget elementor-widget-icon-list\" data-id=\"2fe9e96\" data-element_type=\"widget\" data-e-type=\"widget\" data-widget_type=\"icon-list.default\">\n\t\t\t\t\t\t\t<ul class=\"elementor-icon-list-items elementor-inline-items\">\n\t\t\t\t\t\t\t<li class=\"elementor-icon-list-item elementor-inline-item\">\n\t\t\t\t\t\t\t\t\t\t\t<a href=\"#\">\n\n\t\t\t\t\t\t\t\t\t\t\t<span class=\"elementor-icon-list-text\">In\u00edcio \/<\/span>\n\t\t\t\t\t\t\t\t\t\t\t<\/a>\n\t\t\t\t\t\t\t\t\t<\/li>\n\t\t\t\t\t\t<\/ul>\n\t\t\t\t\t\t<\/div>\n\t\t\t\t<div class=\"elementor-element elementor-element-ac96013 elementor-icon-list--layout-inline elementor-list-item-link-full_width elementor-widget elementor-widget-icon-list\" data-id=\"ac96013\" data-element_type=\"widget\" data-e-type=\"widget\" data-widget_type=\"icon-list.default\">\n\t\t\t\t\t\t\t<ul class=\"elementor-icon-list-items elementor-inline-items\">\n\t\t\t\t\t\t\t<li class=\"elementor-icon-list-item elementor-inline-item\">\n\t\t\t\t\t\t\t\t\t\t<span class=\"elementor-icon-list-text\">Contato<\/span>\n\t\t\t\t\t\t\t\t\t<\/li>\n\t\t\t\t\t\t<\/ul>\n\t\t\t\t\t\t<\/div>\n\t\t\t\t<\/div>\n\t\t<div class=\"elementor-element elementor-element-9f40cf5 e-con-full e-flex e-con e-child\" data-id=\"9f40cf5\" data-element_type=\"container\" data-e-type=\"container\" data-settings=\"{&quot;_ha_eqh_enable&quot;:false}\">\n\t\t\t\t<div class=\"elementor-element elementor-element-74970cf elementor-widget-tablet_extra__width-initial elementor-widget elementor-widget-heading\" data-id=\"74970cf\" data-element_type=\"widget\" data-e-type=\"widget\" data-widget_type=\"heading.default\">\n\t\t\t\t\t<h2 class=\"elementor-heading-title elementor-size-default\">Fale com nossos especialistas em seguran\u00e7a cibern\u00e9tica<\/h2>\t\t\t\t<\/div>\n\t\t\t\t<\/div>\n\t\t<div class=\"elementor-element elementor-element-7cf9845 e-con-full e-flex e-con e-child\" data-id=\"7cf9845\" data-element_type=\"container\" data-e-type=\"container\" data-settings=\"{&quot;_ha_eqh_enable&quot;:false}\">\n\t\t\t\t<div class=\"elementor-element elementor-element-883dbd0 elementor-widget__width-initial elementor-widget elementor-widget-text-editor\" data-id=\"883dbd0\" data-element_type=\"widget\" data-e-type=\"widget\" data-widget_type=\"text-editor.default\">\n\t\t\t\t\t\t\t\t\t<p>Conte-nos sobre seus desafios de seguran\u00e7a. Nossos especialistas responder\u00e3o em 24 horas com orienta\u00e7\u00f5es personalizadas.<\/p>\t\t\t\t\t\t\t\t<\/div>\n\t\t\t\t<\/div>\n\t\t\t\t<\/div>\n\t\t\t\t<\/div>\n\t\t\t\t<\/div>\n\t\t\t\t<div class=\"elementor-element elementor-element-c0d2bcc elementor-absolute elementor-widget-tablet__width-initial hero_left_shape elementor-widget elementor-widget-image\" data-id=\"c0d2bcc\" data-element_type=\"widget\" data-e-type=\"widget\" data-settings=\"{&quot;_position&quot;:&quot;absolute&quot;}\" data-widget_type=\"image.default\">\n\t\t\t\t\t\t\t\t\t\t\t\t\t\t\t<img fetchpriority=\"high\" decoding=\"async\" width=\"641\" height=\"827\" src=\"https:\/\/mscyber.tech\/wp-content\/uploads\/2026\/03\/Group-1261153010-1.webp\" class=\"attachment-full size-full wp-image-1810\" alt=\"\" srcset=\"https:\/\/mscyber.tech\/wp-content\/uploads\/2026\/03\/Group-1261153010-1.webp 641w, https:\/\/mscyber.tech\/wp-content\/uploads\/2026\/03\/Group-1261153010-1-233x300.webp 233w, https:\/\/mscyber.tech\/wp-content\/uploads\/2026\/03\/Group-1261153010-1-9x12.webp 9w\" sizes=\"(max-width: 641px) 100vw, 641px\" \/>\t\t\t\t\t\t\t\t\t\t\t\t\t\t\t<\/div>\n\t\t\t\t<div class=\"elementor-element elementor-element-3b82458 elementor-absolute elementor-widget-tablet__width-initial hero_left_shape elementor-widget elementor-widget-image\" data-id=\"3b82458\" data-element_type=\"widget\" data-e-type=\"widget\" data-settings=\"{&quot;_position&quot;:&quot;absolute&quot;}\" data-widget_type=\"image.default\">\n\t\t\t\t\t\t\t\t\t\t\t\t\t\t\t<img decoding=\"async\" width=\"641\" height=\"827\" src=\"https:\/\/mscyber.tech\/wp-content\/uploads\/2026\/03\/Group-1261153006-1.webp\" class=\"attachment-full size-full wp-image-1811\" alt=\"\" srcset=\"https:\/\/mscyber.tech\/wp-content\/uploads\/2026\/03\/Group-1261153006-1.webp 641w, https:\/\/mscyber.tech\/wp-content\/uploads\/2026\/03\/Group-1261153006-1-233x300.webp 233w, https:\/\/mscyber.tech\/wp-content\/uploads\/2026\/03\/Group-1261153006-1-9x12.webp 9w\" sizes=\"(max-width: 641px) 100vw, 641px\" \/>\t\t\t\t\t\t\t\t\t\t\t\t\t\t\t<\/div>\n\t\t\t\t<div class=\"elementor-element elementor-element-e006c24 elementor-widget elementor-widget-html\" data-id=\"e006c24\" data-element_type=\"widget\" data-e-type=\"widget\" data-widget_type=\"html.default\">\n\t\t\t\t\t\n\n\n\n\n<script>\njQuery(window).on('load', function() {\n    jQuery('.hero_left_shape').css('display', 'block').hide().fadeIn(800);\n});\n<\/script>\t\t\t\t<\/div>\n\t\t\t\t\t<\/div>\n\t\t\t\t<\/div>\n\t\t<div class=\"elementor-element elementor-element-3bcb780 e-flex e-con-boxed e-con e-parent\" data-id=\"3bcb780\" data-element_type=\"container\" data-e-type=\"container\" data-settings=\"{&quot;background_background&quot;:&quot;classic&quot;,&quot;_ha_eqh_enable&quot;:false}\">\n\t\t\t\t\t<div class=\"e-con-inner\">\n\t\t<div class=\"elementor-element elementor-element-ff8f27c e-con-full e-flex e-con e-child\" data-id=\"ff8f27c\" data-element_type=\"container\" data-e-type=\"container\" data-settings=\"{&quot;_ha_eqh_enable&quot;:false}\">\n\t\t<div class=\"elementor-element elementor-element-b9df124 e-con-full animated-fast e-flex elementor-invisible e-con e-child\" data-id=\"b9df124\" data-element_type=\"container\" data-e-type=\"container\" data-settings=\"{&quot;animation&quot;:&quot;fadeInUp&quot;,&quot;animation_delay&quot;:300,&quot;_ha_eqh_enable&quot;:false}\">\n\t\t\t\t<div class=\"elementor-element elementor-element-437f6a9 elementor-widget elementor-widget-shortcode\" data-id=\"437f6a9\" data-element_type=\"widget\" data-e-type=\"widget\" data-widget_type=\"shortcode.default\">\n\t\t\t\t\t\t\t<div class=\"elementor-shortcode\">\n<div class=\"wpcf7 no-js\" id=\"wpcf7-f2034-o1\" lang=\"en-US\" dir=\"ltr\" data-wpcf7-id=\"2034\">\n<div class=\"screen-reader-response\"><p role=\"status\" aria-live=\"polite\" aria-atomic=\"true\"><\/p> <ul><\/ul><\/div>\n<form action=\"\/pt\/wp-json\/wp\/v2\/pages\/1842#wpcf7-f2034-o1\" method=\"post\" class=\"wpcf7-form init\" aria-label=\"Contact form\" novalidate=\"novalidate\" data-status=\"init\" data-trp-original-action=\"\/pt\/wp-json\/wp\/v2\/pages\/1842#wpcf7-f2034-o1\">\n<fieldset class=\"hidden-fields-container\"><input type=\"hidden\" name=\"_wpcf7\" value=\"2034\" \/><input type=\"hidden\" name=\"_wpcf7_version\" value=\"6.1.5\" \/><input type=\"hidden\" name=\"_wpcf7_locale\" value=\"en_US\" \/><input type=\"hidden\" name=\"_wpcf7_unit_tag\" value=\"wpcf7-f2034-o1\" \/><input type=\"hidden\" name=\"_wpcf7_container_post\" value=\"0\" \/><input type=\"hidden\" name=\"_wpcf7_posted_data_hash\" value=\"\" \/>\n<\/fieldset>\n<div class=\"update_contact_form\">\n\t<div class=\"contact_single_group\">\n\t\t<div class=\"contact_single_block\">\n\t\t\t<p><span class=\"contact_label\">Nome *<\/span>\n\t\t\t<\/p>\n\t\t\t<p><span class=\"wpcf7-form-control-wrap\" data-name=\"text-453\"><input size=\"40\" maxlength=\"400\" class=\"wpcf7-form-control wpcf7-text wpcf7-validates-as-required\" aria-required=\"true\" aria-invalid=\"false\" placeholder=\"Seu nome completo\" value=\"\" type=\"text\" name=\"text-453\" \/><\/span>\n\t\t\t<\/p>\n\t\t<\/div>\n\t\t<div class=\"contact_single_block\">\n\t\t\t<p><span class=\"contact_label\">Empresa *<\/span>\n\t\t\t<\/p>\n\t\t\t<p><span class=\"wpcf7-form-control-wrap\" data-name=\"text-76\"><input size=\"40\" maxlength=\"400\" class=\"wpcf7-form-control wpcf7-text wpcf7-validates-as-required\" aria-required=\"true\" aria-invalid=\"false\" placeholder=\"Nome da organiza\u00e7\u00e3o\" value=\"\" type=\"text\" name=\"text-76\" \/><\/span>\n\t\t\t<\/p>\n\t\t<\/div>\n\t<\/div>\n\t<div class=\"contact_single_group\">\n\t\t<div class=\"contact_single_block\">\n\t\t\t<p><span class=\"contact_label\">E-mail de trabalho *<\/span>\n\t\t\t<\/p>\n\t\t\t<p><span class=\"wpcf7-form-control-wrap\" data-name=\"email-164\"><input size=\"40\" maxlength=\"400\" class=\"wpcf7-form-control wpcf7-email wpcf7-validates-as-required wpcf7-text wpcf7-validates-as-email\" aria-required=\"true\" aria-invalid=\"false\" placeholder=\"you@company.com\" value=\"\" type=\"email\" name=\"email-164\" \/><\/span>\n\t\t\t<\/p>\n\t\t<\/div>\n\t\t<div class=\"contact_single_block\">\n\t\t\t<p><span class=\"contact_label\">Telefone<\/span>\n\t\t\t<\/p>\n\t\t\t<p><span class=\"wpcf7-form-control-wrap\" data-name=\"text-932\"><input size=\"40\" maxlength=\"400\" class=\"wpcf7-form-control wpcf7-text\" aria-invalid=\"false\" placeholder=\"+1 (555) 000-0000\" value=\"\" type=\"text\" name=\"text-932\" \/><\/span>\n\t\t\t<\/p>\n\t\t<\/div>\n\t<\/div>\n\t<div class=\"contact_single_group\">\n\t\t<div class=\"contact_single_block single_full_block\">\n\t\t\t<p><span class=\"contact_label\">Pa\u00eds *<\/span>\n\t\t\t<\/p>\n\t\t\t<p><span class=\"wpcf7-form-control-wrap\" data-name=\"select-156\"><select class=\"wpcf7-form-control wpcf7-select wpcf7-validates-as-required\" aria-required=\"true\" aria-invalid=\"false\" name=\"select-156\"><option value=\"Select\">Selecione<\/option><option value=\"Option 1\">Op\u00e7\u00e3o 1<\/option><option value=\"Option 2\">Op\u00e7\u00e3o 2<\/option><option value=\"Option 3\">Op\u00e7\u00e3o 3<\/option><\/select><\/span>\n\t\t\t<\/p>\n\t\t<\/div>\n\t<\/div>\n\t<div class=\"contact_single_group\">\n\t\t<div class=\"contact_single_block single_full_block\">\n\t\t\t<p><span class=\"contact_label\">Mensagem<\/span>\n\t\t\t<\/p>\n\t\t\t<p><span class=\"wpcf7-form-control-wrap\" data-name=\"textarea-366\"><textarea cols=\"40\" rows=\"10\" maxlength=\"2000\" class=\"wpcf7-form-control wpcf7-textarea wpcf7-validates-as-required\" aria-required=\"true\" aria-invalid=\"false\" placeholder=\"Conte-nos sobre seus desafios de seguran\u00e7a, seu ambiente atual ou o que voc\u00ea deseja alcan\u00e7ar_\" name=\"textarea-366\"><\/textarea><\/span>\n\t\t\t<\/p>\n\t\t<\/div>\n\t<\/div>\n\t<div class=\"contact_single_group\">\n\t\t<div class=\"contact_single_block single_full_block\">\n\t\t\t<p><input class=\"wpcf7-form-control wpcf7-submit has-spinner\" type=\"submit\" value=\"Agendar uma consulta\" \/>\n\t\t\t<\/p>\n\t\t\t<h6 class=\"form_text\">Respondemos em 24 horas. Sem spam - nunca.\n\t\t\t<\/h6>\n\t\t<\/div>\n\t<\/div>\n<\/div><div class=\"wpcf7-response-output\" aria-hidden=\"true\"><\/div>\n<input type=\"hidden\" name=\"trp-form-language\" value=\"pt\"\/><\/form>\n<\/div>\n<\/div>\n\t\t\t\t\t\t<\/div>\n\t\t\t\t<\/div>\n\t\t<div class=\"elementor-element elementor-element-616f5f7 e-con-full animated-fast e-flex elementor-invisible e-con e-child\" data-id=\"616f5f7\" data-element_type=\"container\" data-e-type=\"container\" data-settings=\"{&quot;animation&quot;:&quot;fadeInUp&quot;,&quot;animation_delay&quot;:500,&quot;_ha_eqh_enable&quot;:false}\">\n\t\t<div class=\"elementor-element elementor-element-2d359fd e-con-full e-flex e-con e-child\" data-id=\"2d359fd\" data-element_type=\"container\" data-e-type=\"container\" data-settings=\"{&quot;_ha_eqh_enable&quot;:false}\">\n\t\t<div class=\"elementor-element elementor-element-4e086b4 e-con-full e-flex e-con e-child\" data-id=\"4e086b4\" data-element_type=\"container\" data-e-type=\"container\" data-settings=\"{&quot;background_background&quot;:&quot;classic&quot;,&quot;_ha_eqh_enable&quot;:false}\">\n\t\t\t\t<div class=\"elementor-element elementor-element-b500f24 elementor-view-default elementor-position-block-start elementor-mobile-position-block-start elementor-widget elementor-widget-icon-box\" data-id=\"b500f24\" data-element_type=\"widget\" data-e-type=\"widget\" data-widget_type=\"icon-box.default\">\n\t\t\t\t\t\t\t<div class=\"elementor-icon-box-wrapper\">\n\n\t\t\t\t\t\t<div class=\"elementor-icon-box-icon\">\n\t\t\t\t<span  class=\"elementor-icon\">\n\t\t\t\t<svg xmlns=\"http:\/\/www.w3.org\/2000\/svg\" width=\"26\" height=\"26\" viewbox=\"0 0 26 26\" fill=\"none\"><path d=\"M13.9078 20.1201C13.5448 20.5024 13.0596 20.7161 12.5548 20.7161C12.0499 20.7161 11.5647 20.5024 11.2018 20.1201C7.87793 16.5974 3.42359 12.6621 5.59584 6.94901C6.77035 3.85995 9.58972 1.8833 12.5548 1.8833C15.5199 1.8833 18.3392 3.85996 19.5137 6.94901C21.6832 12.655 17.2398 16.6095 13.9078 20.1201Z\" fill=\"white\"><\/path><path d=\"M16 9.396C16 11.329 14.433 12.896 12.5 12.896C10.567 12.896 9 11.329 9 9.396C9 7.463 10.567 5.896 12.5 5.896C14.433 5.896 16 7.463 16 9.396Z\" fill=\"#161614\"><\/path><path d=\"M18.8325 20.9253C18.8325 22.081 16.022 23.0178 12.5549 23.0178C9.08792 23.0178 6.27734 22.081 6.27734 20.9253\" stroke=\"white\" stroke-width=\"1.25552\" stroke-linecap=\"round\"><\/path><\/svg>\t\t\t\t<\/span>\n\t\t\t<\/div>\n\t\t\t\n\t\t\t\t\t\t<div class=\"elementor-icon-box-content\">\n\n\t\t\t\t\t\t\t\t\t<h3 class=\"elementor-icon-box-title\">\n\t\t\t\t\t\t<span  >\n\t\t\t\t\t\t\tEndere\u00e7o do escrit\u00f3rio\t\t\t\t\t\t<\/span>\n\t\t\t\t\t<\/h3>\n\t\t\t\t\n\t\t\t\t\t\t\t\t\t<p class=\"elementor-icon-box-description\">\n\t\t\t\t\t\tLos Militares 4611, Santiago do Chile, 7560968\t\t\t\t\t<\/p>\n\t\t\t\t\n\t\t\t<\/div>\n\t\t\t\n\t\t<\/div>\n\t\t\t\t\t\t<\/div>\n\t\t\t\t<\/div>\n\t\t<div class=\"elementor-element elementor-element-a7afd70 e-con-full e-flex e-con e-child\" data-id=\"a7afd70\" data-element_type=\"container\" data-e-type=\"container\" data-settings=\"{&quot;background_background&quot;:&quot;classic&quot;,&quot;_ha_eqh_enable&quot;:false}\">\n\t\t\t\t<div class=\"elementor-element elementor-element-4ff709f elementor-view-default elementor-position-block-start elementor-mobile-position-block-start elementor-widget elementor-widget-icon-box\" data-id=\"4ff709f\" data-element_type=\"widget\" data-e-type=\"widget\" data-widget_type=\"icon-box.default\">\n\t\t\t\t\t\t\t<div class=\"elementor-icon-box-wrapper\">\n\n\t\t\t\t\t\t<div class=\"elementor-icon-box-icon\">\n\t\t\t\t<span  class=\"elementor-icon\">\n\t\t\t\t<svg xmlns=\"http:\/\/www.w3.org\/2000\/svg\" width=\"22\" height=\"19\" viewbox=\"0 0 22 19\" fill=\"none\"><path d=\"M0.487198 10.908C0.555602 14.1153 0.589795 15.719 1.77326 16.907C2.95672 18.095 4.60381 18.1363 7.89798 18.2191C9.92823 18.2702 11.9385 18.2702 13.9688 18.2191C17.263 18.1363 18.91 18.095 20.0934 16.907C21.277 15.719 21.3112 14.1153 21.3795 10.908C21.4016 9.87669 21.4016 8.85146 21.3795 7.82026C21.3112 4.61285 21.277 3.00916 20.0934 1.8212C18.91 0.633238 17.263 0.591859 13.9688 0.509088C11.9385 0.458073 9.92823 0.458073 7.89797 0.509078C4.60381 0.591838 2.95672 0.633217 1.77326 1.82119C0.589795 3.00915 0.555592 4.61284 0.487198 7.82015C0.465205 8.85146 0.465205 9.87669 0.487198 10.908Z\" fill=\"white\" stroke=\"white\" stroke-width=\"0.94164\" stroke-linejoin=\"round\"><\/path><path d=\"M5.70508 5.70227L8.78322 7.52215C10.5778 8.58317 11.2951 8.58317 13.0896 7.52215L16.1677 5.70227\" stroke=\"#161614\" stroke-width=\"1.25552\" stroke-linecap=\"round\" stroke-linejoin=\"round\"><\/path><\/svg>\t\t\t\t<\/span>\n\t\t\t<\/div>\n\t\t\t\n\t\t\t\t\t\t<div class=\"elementor-icon-box-content\">\n\n\t\t\t\t\t\t\t\t\t<h3 class=\"elementor-icon-box-title\">\n\t\t\t\t\t\t<span  >\n\t\t\t\t\t\t\tEndere\u00e7o de e-mail\t\t\t\t\t\t<\/span>\n\t\t\t\t\t<\/h3>\n\t\t\t\t\n\t\t\t\t\t\t\t\t\t<p class=\"elementor-icon-box-description\">\n\t\t\t\t\t\tcontact@mscyber.tech\t\t\t\t\t<\/p>\n\t\t\t\t\n\t\t\t<\/div>\n\t\t\t\n\t\t<\/div>\n\t\t\t\t\t\t<\/div>\n\t\t\t\t<\/div>\n\t\t\t\t<\/div>\n\t\t<div class=\"elementor-element elementor-element-d7f64a1 e-con-full e-flex e-con e-child\" data-id=\"d7f64a1\" data-element_type=\"container\" data-e-type=\"container\" data-settings=\"{&quot;background_background&quot;:&quot;classic&quot;,&quot;_ha_eqh_enable&quot;:false}\">\n\t\t\t\t<div class=\"elementor-element elementor-element-8f4fa17 elementor-widget__width-initial elementor-view-default elementor-position-block-start elementor-mobile-position-block-start elementor-widget elementor-widget-icon-box\" data-id=\"8f4fa17\" data-element_type=\"widget\" data-e-type=\"widget\" data-widget_type=\"icon-box.default\">\n\t\t\t\t\t\t\t<div class=\"elementor-icon-box-wrapper\">\n\n\t\t\t\t\t\t<div class=\"elementor-icon-box-icon\">\n\t\t\t\t<span  class=\"elementor-icon\">\n\t\t\t\t<svg xmlns=\"http:\/\/www.w3.org\/2000\/svg\" width=\"26\" height=\"26\" viewbox=\"0 0 26 26\" fill=\"none\"><path d=\"M14.6484 3.13879V6.2776M19.8798 5.23133L17.7872 7.32386M21.9723 10.4627H18.8335\" stroke=\"white\" stroke-width=\"0.94164\" stroke-linecap=\"round\" stroke-linejoin=\"round\"><\/path><path d=\"M9.58185 5.97639L9.16057 5.02849C8.88511 4.40871 8.74738 4.09881 8.54139 3.86165C8.28324 3.56444 7.94676 3.34577 7.57031 3.23059C7.26994 3.13867 6.93083 3.13867 6.25258 3.13867C5.26041 3.13867 4.76431 3.13867 4.34787 3.3294C3.85732 3.55406 3.41429 4.04189 3.23779 4.55176C3.08794 4.98459 3.13086 5.4294 3.2167 6.31901C4.13044 15.7882 9.32191 20.9797 18.7911 21.8934C19.6808 21.9793 20.1255 22.0222 20.5584 21.8724C21.0682 21.6959 21.5561 21.2528 21.7807 20.7623C21.9715 20.3458 21.9715 19.8498 21.9715 18.8576C21.9715 18.1793 21.9715 17.8402 21.8796 17.5398C21.7644 17.1634 21.5458 16.8269 21.2485 16.5688C21.0113 16.3628 20.7014 16.2251 20.0816 15.9496L19.1338 15.5283C18.4625 15.23 18.127 15.0809 17.7859 15.0484C17.4596 15.0174 17.1305 15.0632 16.825 15.1821C16.5058 15.3064 16.2236 15.5415 15.6594 16.0117C15.0976 16.4798 14.8168 16.7139 14.4736 16.8392C14.1695 16.9503 13.7673 16.9916 13.4468 16.9443C13.0854 16.891 12.8086 16.7432 12.2551 16.4473C10.5329 15.527 9.58319 14.5773 8.66282 12.855C8.36702 12.3016 8.21912 12.0247 8.16585 11.6633C8.11863 11.3429 8.15979 10.9407 8.27093 10.6365C8.39629 10.2933 8.63033 10.0125 9.09841 9.4508C9.56863 8.88653 9.80375 8.60439 9.92806 8.28517C10.047 7.97969 10.0928 7.65059 10.0618 7.32424C10.0293 6.9832 9.88017 6.6476 9.58185 5.97639Z\" fill=\"white\" stroke=\"white\" stroke-width=\"0.94164\" stroke-linecap=\"round\"><\/path><\/svg>\t\t\t\t<\/span>\n\t\t\t<\/div>\n\t\t\t\n\t\t\t\t\t\t<div class=\"elementor-icon-box-content\">\n\n\t\t\t\t\t\t\t\t\t<h3 class=\"elementor-icon-box-title\">\n\t\t\t\t\t\t<span  >\n\t\t\t\t\t\t\tConecte-se com nossos especialistas em seguran\u00e7a cibern\u00e9tica\t\t\t\t\t\t<\/span>\n\t\t\t\t\t<\/h3>\n\t\t\t\t\n\t\t\t\t\t\t\t\t\t<p class=\"elementor-icon-box-description\">\n\t\t\t\t\t\tEntre em contato com nossos especialistas em seguran\u00e7a cibern\u00e9tica para obter orienta\u00e7\u00e3o, solu\u00e7\u00f5es e prote\u00e7\u00e3o personalizada para a sua organiza\u00e7\u00e3o.\t\t\t\t\t<\/p>\n\t\t\t\t\n\t\t\t<\/div>\n\t\t\t\n\t\t<\/div>\n\t\t\t\t\t\t<\/div>\n\t\t\t\t<div class=\"elementor-element elementor-element-94eebee elementor-align-left elementor-widget elementor-widget-button\" data-id=\"94eebee\" data-element_type=\"widget\" data-e-type=\"widget\" data-widget_type=\"button.default\">\n\t\t\t\t\t\t\t\t\t\t<a class=\"elementor-button elementor-button-link elementor-size-sm\" href=\"https:\/\/wa.me\/56994096012\">\n\t\t\t\t\t\t<span class=\"elementor-button-content-wrapper\">\n\t\t\t\t\t\t\t\t\t<span class=\"elementor-button-text\">Marcar uma consulta<\/span>\n\t\t\t\t\t<\/span>\n\t\t\t\t\t<\/a>\n\t\t\t\t\t\t\t\t<\/div>\n\t\t\t\t<\/div>\n\t\t\t\t<\/div>\n\t\t\t\t<\/div>\n\t\t\t\t\t<\/div>\n\t\t\t\t<\/div>\n\t\t\t\t<\/div>","protected":false},"excerpt":{"rendered":"<p>Home \/ Contact Talk With Our Cybersecurity Experts Tell us about your security challenges. Our specialists will respond within 24 hours with tailored guidance. Office Address Los Militares 4611, Santiago de Chile, 7560968 E-Mail Address contact@mscyber.tech Connect with our cybersecurity experts Reach out to our cybersecurity experts for guidance, solutions, and tailored protection for your [&hellip;]<\/p>\n","protected":false},"author":1,"featured_media":386,"parent":0,"menu_order":0,"comment_status":"closed","ping_status":"closed","template":"elementor_header_footer","meta":{"footnotes":""},"class_list":["post-1842","page","type-page","status-publish","has-post-thumbnail","hentry"],"_hostinger_reach_plugin_has_subscription_block":false,"_hostinger_reach_plugin_is_elementor":false,"_links":{"self":[{"href":"https:\/\/mscyber.tech\/pt\/wp-json\/wp\/v2\/pages\/1842","targetHints":{"allow":["GET"]}}],"collection":[{"href":"https:\/\/mscyber.tech\/pt\/wp-json\/wp\/v2\/pages"}],"about":[{"href":"https:\/\/mscyber.tech\/pt\/wp-json\/wp\/v2\/types\/page"}],"author":[{"embeddable":true,"href":"https:\/\/mscyber.tech\/pt\/wp-json\/wp\/v2\/users\/1"}],"replies":[{"embeddable":true,"href":"https:\/\/mscyber.tech\/pt\/wp-json\/wp\/v2\/comments?post=1842"}],"version-history":[{"count":65,"href":"https:\/\/mscyber.tech\/pt\/wp-json\/wp\/v2\/pages\/1842\/revisions"}],"predecessor-version":[{"id":2278,"href":"https:\/\/mscyber.tech\/pt\/wp-json\/wp\/v2\/pages\/1842\/revisions\/2278"}],"wp:featuredmedia":[{"embeddable":true,"href":"https:\/\/mscyber.tech\/pt\/wp-json\/wp\/v2\/media\/386"}],"wp:attachment":[{"href":"https:\/\/mscyber.tech\/pt\/wp-json\/wp\/v2\/media?parent=1842"}],"curies":[{"name":"wp","href":"https:\/\/api.w.org\/{rel}","templated":true}]}}