{"id":1373,"date":"2026-02-10T17:09:11","date_gmt":"2026-02-10T17:09:11","guid":{"rendered":"https:\/\/mscyber.tech\/?page_id=1373"},"modified":"2026-02-26T17:01:17","modified_gmt":"2026-02-26T17:01:17","slug":"em-breve","status":"publish","type":"page","link":"https:\/\/mscyber.tech\/pt\/em-breve\/","title":{"rendered":"Em breve"},"content":{"rendered":"<div data-elementor-type=\"wp-page\" data-elementor-id=\"1373\" class=\"elementor elementor-1373\" data-elementor-settings=\"{&quot;ha_cmc_init_switcher&quot;:&quot;no&quot;}\" data-elementor-post-type=\"page\">\n\t\t\t\t<div class=\"elementor-element elementor-element-3df8cdc e-con-full e-flex e-con e-parent\" data-id=\"3df8cdc\" data-element_type=\"container\" data-e-type=\"container\" data-settings=\"{&quot;background_background&quot;:&quot;classic&quot;,&quot;_ha_eqh_enable&quot;:false}\">\n\t\t\t\t<div class=\"elementor-element elementor-element-ec3faf8 elementor-absolute animate-image e-transform elementor-widget elementor-widget-image\" data-id=\"ec3faf8\" data-element_type=\"widget\" data-e-type=\"widget\" data-settings=\"{&quot;_position&quot;:&quot;absolute&quot;,&quot;_transform_rotateZ_effect&quot;:{&quot;unit&quot;:&quot;px&quot;,&quot;size&quot;:-9,&quot;sizes&quot;:[]},&quot;_transform_rotateZ_effect_laptop&quot;:{&quot;unit&quot;:&quot;deg&quot;,&quot;size&quot;:&quot;&quot;,&quot;sizes&quot;:[]},&quot;_transform_rotateZ_effect_tablet_extra&quot;:{&quot;unit&quot;:&quot;deg&quot;,&quot;size&quot;:&quot;&quot;,&quot;sizes&quot;:[]},&quot;_transform_rotateZ_effect_tablet&quot;:{&quot;unit&quot;:&quot;deg&quot;,&quot;size&quot;:&quot;&quot;,&quot;sizes&quot;:[]},&quot;_transform_rotateZ_effect_mobile&quot;:{&quot;unit&quot;:&quot;deg&quot;,&quot;size&quot;:&quot;&quot;,&quot;sizes&quot;:[]}}\" data-widget_type=\"image.default\">\n\t\t\t\t\t\t\t\t\t\t\t\t\t\t\t<img fetchpriority=\"high\" decoding=\"async\" width=\"800\" height=\"540\" src=\"https:\/\/mscyber.tech\/wp-content\/uploads\/2026\/02\/rubber-band-1024x691.png\" class=\"attachment-large size-large wp-image-1496\" alt=\"\" srcset=\"https:\/\/mscyber.tech\/wp-content\/uploads\/2026\/02\/rubber-band-1024x691.png 1024w, https:\/\/mscyber.tech\/wp-content\/uploads\/2026\/02\/rubber-band-300x202.png 300w, https:\/\/mscyber.tech\/wp-content\/uploads\/2026\/02\/rubber-band-768x518.png 768w, https:\/\/mscyber.tech\/wp-content\/uploads\/2026\/02\/rubber-band-18x12.png 18w, https:\/\/mscyber.tech\/wp-content\/uploads\/2026\/02\/rubber-band.png 1070w\" sizes=\"(max-width: 800px) 100vw, 800px\" \/>\t\t\t\t\t\t\t\t\t\t\t\t\t\t\t<\/div>\n\t\t\t\t<div class=\"elementor-element elementor-element-51ce993 elementor-absolute elementor-widget elementor-widget-image\" data-id=\"51ce993\" data-element_type=\"widget\" data-e-type=\"widget\" data-settings=\"{&quot;_position&quot;:&quot;absolute&quot;}\" data-widget_type=\"image.default\">\n\t\t\t\t\t\t\t\t\t\t\t\t\t\t\t<img decoding=\"async\" width=\"396\" height=\"437\" src=\"https:\/\/mscyber.tech\/wp-content\/uploads\/2026\/02\/shape-br.png\" class=\"attachment-large size-large wp-image-1497\" alt=\"\" srcset=\"https:\/\/mscyber.tech\/wp-content\/uploads\/2026\/02\/shape-br.png 396w, https:\/\/mscyber.tech\/wp-content\/uploads\/2026\/02\/shape-br-272x300.png 272w, https:\/\/mscyber.tech\/wp-content\/uploads\/2026\/02\/shape-br-11x12.png 11w\" sizes=\"(max-width: 396px) 100vw, 396px\" \/>\t\t\t\t\t\t\t\t\t\t\t\t\t\t\t<\/div>\n\t\t<div class=\"elementor-element elementor-element-5f0a155 e-flex e-con-boxed e-con e-child\" data-id=\"5f0a155\" data-element_type=\"container\" data-e-type=\"container\" data-settings=\"{&quot;_ha_eqh_enable&quot;:false}\">\n\t\t\t\t\t<div class=\"e-con-inner\">\n\t\t<div class=\"elementor-element elementor-element-8cecac7 e-con-full e-flex e-con e-child\" data-id=\"8cecac7\" data-element_type=\"container\" data-e-type=\"container\" data-settings=\"{&quot;_ha_eqh_enable&quot;:false}\">\n\t\t\t\t<div class=\"elementor-element elementor-element-40bdaab elementor-widget__width-initial elementor-widget elementor-widget-theme-site-logo elementor-widget-image\" data-id=\"40bdaab\" data-element_type=\"widget\" data-e-type=\"widget\" data-widget_type=\"theme-site-logo.default\">\n\t\t\t\t\t\t\t\t\t\t\t<a href=\"https:\/\/mscyber.tech\/pt\">\n\t\t\t<img decoding=\"async\" width=\"289\" height=\"48\" src=\"https:\/\/mscyber.tech\/wp-content\/uploads\/2025\/09\/MERCURIUS-LOGO-Light-Color-2.svg\" class=\"attachment-full size-full wp-image-1377\" alt=\"\" \/>\t\t\t\t<\/a>\n\t\t\t\t\t\t\t\t\t\t\t<\/div>\n\t\t\t\t<div class=\"elementor-element elementor-element-04da597 elementor-widget elementor-widget-heading\" data-id=\"04da597\" data-element_type=\"widget\" data-e-type=\"widget\" data-widget_type=\"heading.default\">\n\t\t\t\t\t<h2 class=\"elementor-heading-title elementor-size-default\">Em breve<\/h2>\t\t\t\t<\/div>\n\t\t\t\t<div class=\"elementor-element elementor-element-5333558 elementor-widget__width-initial elementor-widget elementor-widget-text-editor\" data-id=\"5333558\" data-element_type=\"widget\" data-e-type=\"widget\" data-widget_type=\"text-editor.default\">\n\t\t\t\t\t\t\t\t\t<p>Prepare-se! Mercurius Cybersecurity, trazendo o futuro da prote\u00e7\u00e3o alimentada por IA para sua empresa. A pr\u00f3xima grande novidade em seguran\u00e7a digital, em breve!<\/p>\t\t\t\t\t\t\t\t<\/div>\n\t\t\t\t<div class=\"elementor-element elementor-element-c66a24b elementor-widget elementor-widget-button\" data-id=\"c66a24b\" data-element_type=\"widget\" data-e-type=\"widget\" data-widget_type=\"button.default\">\n\t\t\t\t\t\t\t\t\t\t<a class=\"elementor-button elementor-button-link elementor-size-sm\" href=\"https:\/\/wa.me\/56994096012\">\n\t\t\t\t\t\t<span class=\"elementor-button-content-wrapper\">\n\t\t\t\t\t\t\t\t\t<span class=\"elementor-button-text\">Entre em contato<\/span>\n\t\t\t\t\t<\/span>\n\t\t\t\t\t<\/a>\n\t\t\t\t\t\t\t\t<\/div>\n\t\t\t\t<\/div>\n\t\t<div class=\"elementor-element elementor-element-5037cff e-con-full e-flex e-con e-child\" data-id=\"5037cff\" data-element_type=\"container\" data-e-type=\"container\" data-settings=\"{&quot;_ha_eqh_enable&quot;:false}\">\n\t\t\t\t<\/div>\n\t\t\t\t\t<\/div>\n\t\t\t\t<\/div>\n\t\t\t\t<\/div>\n\t\t\t\t<\/div>","protected":false},"excerpt":{"rendered":"<p>Coming Soon Get ready! Mercurius Cybersecurity, bringing the future of AI-powered protection to your business. The next big thing in digital safety, coming soon! Get in Touch<\/p>","protected":false},"author":1,"featured_media":0,"parent":0,"menu_order":0,"comment_status":"closed","ping_status":"closed","template":"elementor_canvas","meta":{"footnotes":""},"class_list":["post-1373","page","type-page","status-publish","hentry"],"_hostinger_reach_plugin_has_subscription_block":false,"_hostinger_reach_plugin_is_elementor":false,"_links":{"self":[{"href":"https:\/\/mscyber.tech\/pt\/wp-json\/wp\/v2\/pages\/1373","targetHints":{"allow":["GET"]}}],"collection":[{"href":"https:\/\/mscyber.tech\/pt\/wp-json\/wp\/v2\/pages"}],"about":[{"href":"https:\/\/mscyber.tech\/pt\/wp-json\/wp\/v2\/types\/page"}],"author":[{"embeddable":true,"href":"https:\/\/mscyber.tech\/pt\/wp-json\/wp\/v2\/users\/1"}],"replies":[{"embeddable":true,"href":"https:\/\/mscyber.tech\/pt\/wp-json\/wp\/v2\/comments?post=1373"}],"version-history":[{"count":0,"href":"https:\/\/mscyber.tech\/pt\/wp-json\/wp\/v2\/pages\/1373\/revisions"}],"wp:attachment":[{"href":"https:\/\/mscyber.tech\/pt\/wp-json\/wp\/v2\/media?parent=1373"}],"curies":[{"name":"wp","href":"https:\/\/api.w.org\/{rel}","templated":true}]}}