{"id":1990,"date":"2026-03-21T15:10:00","date_gmt":"2026-03-21T15:10:00","guid":{"rendered":"https:\/\/mscyber.tech\/?page_id=1990"},"modified":"2026-03-21T15:46:34","modified_gmt":"2026-03-21T15:46:34","slug":"ayudame","status":"publish","type":"page","link":"https:\/\/mscyber.tech\/es\/ayudame\/","title":{"rendered":"IA SOC"},"content":{"rendered":"<div data-elementor-type=\"wp-page\" data-elementor-id=\"1990\" class=\"elementor elementor-1990\" data-elementor-settings=\"{&quot;ha_cmc_init_switcher&quot;:&quot;no&quot;}\" data-elementor-post-type=\"page\">\n\t\t\t\t<div class=\"elementor-element elementor-element-9f95968 e-flex e-con-boxed e-con e-parent\" data-id=\"9f95968\" data-element_type=\"container\" data-e-type=\"container\" data-settings=\"{&quot;background_background&quot;:&quot;classic&quot;,&quot;_ha_eqh_enable&quot;:false}\">\n\t\t\t\t\t<div class=\"e-con-inner\">\n\t\t<div class=\"elementor-element elementor-element-ce41c32 e-con-full e-flex e-con e-child\" data-id=\"ce41c32\" data-element_type=\"container\" data-e-type=\"container\" data-settings=\"{&quot;_ha_eqh_enable&quot;:false}\">\n\t\t<div class=\"elementor-element elementor-element-f8a2633 e-con-full e-flex e-con e-child\" data-id=\"f8a2633\" data-element_type=\"container\" data-e-type=\"container\" data-settings=\"{&quot;_ha_eqh_enable&quot;:false}\">\n\t\t<div class=\"elementor-element elementor-element-0b6a8c5 e-con-full e-flex elementor-invisible e-con e-child\" data-id=\"0b6a8c5\" data-element_type=\"container\" data-e-type=\"container\" data-settings=\"{&quot;animation&quot;:&quot;fadeInUp&quot;,&quot;_ha_eqh_enable&quot;:false}\">\n\t\t<div class=\"elementor-element elementor-element-1841f00 e-con-full e-flex e-con e-child\" data-id=\"1841f00\" data-element_type=\"container\" data-e-type=\"container\" data-settings=\"{&quot;background_background&quot;:&quot;classic&quot;,&quot;_ha_eqh_enable&quot;:false}\">\n\t\t\t\t<div class=\"elementor-element elementor-element-26e1f42 elementor-icon-list--layout-inline elementor-list-item-link-full_width elementor-widget elementor-widget-icon-list\" data-id=\"26e1f42\" data-element_type=\"widget\" data-e-type=\"widget\" data-widget_type=\"icon-list.default\">\n\t\t\t\t\t\t\t<ul class=\"elementor-icon-list-items elementor-inline-items\">\n\t\t\t\t\t\t\t<li class=\"elementor-icon-list-item elementor-inline-item\">\n\t\t\t\t\t\t\t\t\t\t\t<a href=\"#\">\n\n\t\t\t\t\t\t\t\t\t\t\t<span class=\"elementor-icon-list-text\">Inicio \/<\/span>\n\t\t\t\t\t\t\t\t\t\t\t<\/a>\n\t\t\t\t\t\t\t\t\t<\/li>\n\t\t\t\t\t\t<\/ul>\n\t\t\t\t\t\t<\/div>\n\t\t\t\t<div class=\"elementor-element elementor-element-e7cde8b elementor-icon-list--layout-inline elementor-list-item-link-full_width elementor-widget elementor-widget-icon-list\" data-id=\"e7cde8b\" data-element_type=\"widget\" data-e-type=\"widget\" data-widget_type=\"icon-list.default\">\n\t\t\t\t\t\t\t<ul class=\"elementor-icon-list-items elementor-inline-items\">\n\t\t\t\t\t\t\t<li class=\"elementor-icon-list-item elementor-inline-item\">\n\t\t\t\t\t\t\t\t\t\t\t<a href=\"#\">\n\n\t\t\t\t\t\t\t\t\t\t\t<span class=\"elementor-icon-list-text\">Soluciones \/<\/span>\n\t\t\t\t\t\t\t\t\t\t\t<\/a>\n\t\t\t\t\t\t\t\t\t<\/li>\n\t\t\t\t\t\t<\/ul>\n\t\t\t\t\t\t<\/div>\n\t\t\t\t<div class=\"elementor-element elementor-element-426336f elementor-icon-list--layout-inline elementor-list-item-link-full_width elementor-widget elementor-widget-icon-list\" data-id=\"426336f\" data-element_type=\"widget\" data-e-type=\"widget\" data-widget_type=\"icon-list.default\">\n\t\t\t\t\t\t\t<ul class=\"elementor-icon-list-items elementor-inline-items\">\n\t\t\t\t\t\t\t<li class=\"elementor-icon-list-item elementor-inline-item\">\n\t\t\t\t\t\t\t\t\t\t<span class=\"elementor-icon-list-text\"> IA SOC<\/span>\n\t\t\t\t\t\t\t\t\t<\/li>\n\t\t\t\t\t\t<\/ul>\n\t\t\t\t\t\t<\/div>\n\t\t\t\t<\/div>\n\t\t<div class=\"elementor-element elementor-element-61248a0 e-con-full e-flex e-con e-child\" data-id=\"61248a0\" data-element_type=\"container\" data-e-type=\"container\" data-settings=\"{&quot;_ha_eqh_enable&quot;:false}\">\n\t\t\t\t<div class=\"elementor-element elementor-element-94ee931 elementor-widget-tablet_extra__width-initial elementor-widget elementor-widget-heading\" data-id=\"94ee931\" data-element_type=\"widget\" data-e-type=\"widget\" data-widget_type=\"heading.default\">\n\t\t\t\t\t<h2 class=\"elementor-heading-title elementor-size-default\">Operaciones de Seguridad Impulsadas por IA<\/h2>\t\t\t\t<\/div>\n\t\t\t\t<\/div>\n\t\t<div class=\"elementor-element elementor-element-8cc9e0d e-con-full e-flex e-con e-child\" data-id=\"8cc9e0d\" data-element_type=\"container\" data-e-type=\"container\" data-settings=\"{&quot;_ha_eqh_enable&quot;:false}\">\n\t\t\t\t<div class=\"elementor-element elementor-element-8804151 elementor-widget__width-initial elementor-widget elementor-widget-text-editor\" data-id=\"8804151\" data-element_type=\"widget\" data-e-type=\"widget\" data-widget_type=\"text-editor.default\">\n\t\t\t\t\t\t\t\t\t<p>Mercurius AI SOC combina automatizaci\u00f3n y an\u00e1lisis experto para detectar y responder a amenazas m\u00e1s r\u00e1pido que las operaciones de seguridad tradicionales.<\/p>\t\t\t\t\t\t\t\t<\/div>\n\t\t\t\t<div class=\"elementor-element elementor-element-3954568 elementor-widget elementor-widget-button\" data-id=\"3954568\" data-element_type=\"widget\" data-e-type=\"widget\" data-widget_type=\"button.default\">\n\t\t\t\t\t\t\t\t\t\t<a class=\"elementor-button elementor-button-link elementor-size-sm\" href=\"https:\/\/wa.me\/56994096012\">\n\t\t\t\t\t\t<span class=\"elementor-button-content-wrapper\">\n\t\t\t\t\t\t\t\t\t<span class=\"elementor-button-text\">Ponte en contacto<\/span>\n\t\t\t\t\t<\/span>\n\t\t\t\t\t<\/a>\n\t\t\t\t\t\t\t\t<\/div>\n\t\t\t\t<\/div>\n\t\t\t\t<\/div>\n\t\t\t\t<\/div>\n\t\t<div class=\"elementor-element elementor-element-0d70e75 e-con-full e-flex e-con e-child\" data-id=\"0d70e75\" data-element_type=\"container\" data-e-type=\"container\" data-settings=\"{&quot;_ha_eqh_enable&quot;:false}\">\n\t\t<div class=\"elementor-element elementor-element-8c171c8 e-con-full solution_counter_box e-flex e-con e-child\" data-id=\"8c171c8\" data-element_type=\"container\" data-e-type=\"container\" data-settings=\"{&quot;_ha_eqh_enable&quot;:false}\">\n\t\t<div class=\"elementor-element elementor-element-f066496 e-con-full number_card e-flex e-con e-child\" data-id=\"f066496\" data-element_type=\"container\" data-e-type=\"container\" data-settings=\"{&quot;_ha_eqh_enable&quot;:false}\">\n\t\t\t\t<div class=\"elementor-element elementor-element-96a8365 elementor-absolute elementor-widget elementor-widget-heading\" data-id=\"96a8365\" data-element_type=\"widget\" data-e-type=\"widget\" data-settings=\"{&quot;_position&quot;:&quot;absolute&quot;}\" data-widget_type=\"heading.default\">\n\t\t\t\t\t<h2 class=\"elementor-heading-title elementor-size-default\">01<\/h2>\t\t\t\t<\/div>\n\t\t\t\t<div class=\"elementor-element elementor-element-037b212 elementor-widget__width-inherit number_overlay elementor-widget elementor-widget-image\" data-id=\"037b212\" data-element_type=\"widget\" data-e-type=\"widget\" data-widget_type=\"image.default\">\n\t\t\t\t\t\t\t\t\t\t\t\t\t\t\t<img fetchpriority=\"high\" decoding=\"async\" width=\"286\" height=\"433\" src=\"https:\/\/mscyber.tech\/wp-content\/uploads\/2026\/03\/Rectangle-6522.png\" class=\"attachment-full size-full wp-image-1955\" alt=\"\" srcset=\"https:\/\/mscyber.tech\/wp-content\/uploads\/2026\/03\/Rectangle-6522.png 286w, https:\/\/mscyber.tech\/wp-content\/uploads\/2026\/03\/Rectangle-6522-198x300.png 198w, https:\/\/mscyber.tech\/wp-content\/uploads\/2026\/03\/Rectangle-6522-8x12.png 8w\" sizes=\"(max-width: 286px) 100vw, 286px\" \/>\t\t\t\t\t\t\t\t\t\t\t\t\t\t\t<\/div>\n\t\t\t\t<\/div>\n\t\t<div class=\"elementor-element elementor-element-97aee59 e-con-full number_card e-flex e-con e-child\" data-id=\"97aee59\" data-element_type=\"container\" data-e-type=\"container\" data-settings=\"{&quot;_ha_eqh_enable&quot;:false}\">\n\t\t\t\t<div class=\"elementor-element elementor-element-a009000 elementor-absolute elementor-widget elementor-widget-heading\" data-id=\"a009000\" data-element_type=\"widget\" data-e-type=\"widget\" data-settings=\"{&quot;_position&quot;:&quot;absolute&quot;}\" data-widget_type=\"heading.default\">\n\t\t\t\t\t<h2 class=\"elementor-heading-title elementor-size-default\">02<\/h2>\t\t\t\t<\/div>\n\t\t\t\t<div class=\"elementor-element elementor-element-0924f7f elementor-widget__width-inherit number_overlay active elementor-widget elementor-widget-image\" data-id=\"0924f7f\" data-element_type=\"widget\" data-e-type=\"widget\" data-widget_type=\"image.default\">\n\t\t\t\t\t\t\t\t\t\t\t\t\t\t\t<img fetchpriority=\"high\" decoding=\"async\" width=\"286\" height=\"433\" src=\"https:\/\/mscyber.tech\/wp-content\/uploads\/2026\/03\/Rectangle-6522.png\" class=\"attachment-full size-full wp-image-1955\" alt=\"\" srcset=\"https:\/\/mscyber.tech\/wp-content\/uploads\/2026\/03\/Rectangle-6522.png 286w, https:\/\/mscyber.tech\/wp-content\/uploads\/2026\/03\/Rectangle-6522-198x300.png 198w, https:\/\/mscyber.tech\/wp-content\/uploads\/2026\/03\/Rectangle-6522-8x12.png 8w\" sizes=\"(max-width: 286px) 100vw, 286px\" \/>\t\t\t\t\t\t\t\t\t\t\t\t\t\t\t<\/div>\n\t\t\t\t<\/div>\n\t\t<div class=\"elementor-element elementor-element-eb49d8d e-con-full number_card e-flex e-con e-child\" data-id=\"eb49d8d\" data-element_type=\"container\" data-e-type=\"container\" data-settings=\"{&quot;_ha_eqh_enable&quot;:false}\">\n\t\t\t\t<div class=\"elementor-element elementor-element-ae99167 elementor-absolute elementor-widget elementor-widget-heading\" data-id=\"ae99167\" data-element_type=\"widget\" data-e-type=\"widget\" data-settings=\"{&quot;_position&quot;:&quot;absolute&quot;}\" data-widget_type=\"heading.default\">\n\t\t\t\t\t<h2 class=\"elementor-heading-title elementor-size-default\">03<\/h2>\t\t\t\t<\/div>\n\t\t\t\t<div class=\"elementor-element elementor-element-0a7d4a6 elementor-widget__width-inherit number_overlay elementor-widget elementor-widget-image\" data-id=\"0a7d4a6\" data-element_type=\"widget\" data-e-type=\"widget\" data-widget_type=\"image.default\">\n\t\t\t\t\t\t\t\t\t\t\t\t\t\t\t<img fetchpriority=\"high\" decoding=\"async\" width=\"286\" height=\"433\" src=\"https:\/\/mscyber.tech\/wp-content\/uploads\/2026\/03\/Rectangle-6522.png\" class=\"attachment-full size-full wp-image-1955\" alt=\"\" srcset=\"https:\/\/mscyber.tech\/wp-content\/uploads\/2026\/03\/Rectangle-6522.png 286w, https:\/\/mscyber.tech\/wp-content\/uploads\/2026\/03\/Rectangle-6522-198x300.png 198w, https:\/\/mscyber.tech\/wp-content\/uploads\/2026\/03\/Rectangle-6522-8x12.png 8w\" sizes=\"(max-width: 286px) 100vw, 286px\" \/>\t\t\t\t\t\t\t\t\t\t\t\t\t\t\t<\/div>\n\t\t\t\t<\/div>\n\t\t<div class=\"elementor-element elementor-element-79283fc e-con-full number_card e-flex e-con e-child\" data-id=\"79283fc\" data-element_type=\"container\" data-e-type=\"container\" data-settings=\"{&quot;_ha_eqh_enable&quot;:false}\">\n\t\t\t\t<div class=\"elementor-element elementor-element-45389ca elementor-absolute elementor-widget elementor-widget-heading\" data-id=\"45389ca\" data-element_type=\"widget\" data-e-type=\"widget\" data-settings=\"{&quot;_position&quot;:&quot;absolute&quot;}\" data-widget_type=\"heading.default\">\n\t\t\t\t\t<h2 class=\"elementor-heading-title elementor-size-default\">04<\/h2>\t\t\t\t<\/div>\n\t\t\t\t<div class=\"elementor-element elementor-element-854633a elementor-widget__width-inherit number_overlay  elementor-widget elementor-widget-image\" data-id=\"854633a\" data-element_type=\"widget\" data-e-type=\"widget\" data-widget_type=\"image.default\">\n\t\t\t\t\t\t\t\t\t\t\t\t\t\t\t<img fetchpriority=\"high\" decoding=\"async\" width=\"286\" height=\"433\" src=\"https:\/\/mscyber.tech\/wp-content\/uploads\/2026\/03\/Rectangle-6522.png\" class=\"attachment-full size-full wp-image-1955\" alt=\"\" srcset=\"https:\/\/mscyber.tech\/wp-content\/uploads\/2026\/03\/Rectangle-6522.png 286w, https:\/\/mscyber.tech\/wp-content\/uploads\/2026\/03\/Rectangle-6522-198x300.png 198w, https:\/\/mscyber.tech\/wp-content\/uploads\/2026\/03\/Rectangle-6522-8x12.png 8w\" sizes=\"(max-width: 286px) 100vw, 286px\" \/>\t\t\t\t\t\t\t\t\t\t\t\t\t\t\t<\/div>\n\t\t\t\t<\/div>\n\t\t\t\t<div class=\"elementor-element elementor-element-7f17f37 elementor-widget__width-initial elementor-absolute elementor-widget elementor-widget-image\" data-id=\"7f17f37\" data-element_type=\"widget\" data-e-type=\"widget\" data-settings=\"{&quot;_position&quot;:&quot;absolute&quot;}\" data-widget_type=\"image.default\">\n\t\t\t\t\t\t\t\t\t\t\t\t\t\t\t<img decoding=\"async\" width=\"1237\" height=\"351\" src=\"https:\/\/mscyber.tech\/wp-content\/uploads\/2026\/03\/Vector-3270.png\" class=\"attachment-full size-full wp-image-1956\" alt=\"\" srcset=\"https:\/\/mscyber.tech\/wp-content\/uploads\/2026\/03\/Vector-3270.png 1237w, https:\/\/mscyber.tech\/wp-content\/uploads\/2026\/03\/Vector-3270-300x85.png 300w, https:\/\/mscyber.tech\/wp-content\/uploads\/2026\/03\/Vector-3270-1024x291.png 1024w, https:\/\/mscyber.tech\/wp-content\/uploads\/2026\/03\/Vector-3270-768x218.png 768w, https:\/\/mscyber.tech\/wp-content\/uploads\/2026\/03\/Vector-3270-18x5.png 18w\" sizes=\"(max-width: 1237px) 100vw, 1237px\" \/>\t\t\t\t\t\t\t\t\t\t\t\t\t\t\t<\/div>\n\t\t\t\t<\/div>\n\t\t<div class=\"elementor-element elementor-element-a853669 e-con-full e-flex e-con e-child\" data-id=\"a853669\" data-element_type=\"container\" data-e-type=\"container\" data-settings=\"{&quot;position&quot;:&quot;absolute&quot;,&quot;_ha_eqh_enable&quot;:false}\">\n\t\t<div class=\"elementor-element elementor-element-c3612c2 e-con-full single_item e-flex e-con e-child\" data-id=\"c3612c2\" data-element_type=\"container\" data-e-type=\"container\" data-settings=\"{&quot;_ha_eqh_enable&quot;:false}\">\n\t\t\t\t<div class=\"elementor-element elementor-element-b8a5fcb elementor-widget elementor-widget-heading\" data-id=\"b8a5fcb\" data-element_type=\"widget\" data-e-type=\"widget\" data-widget_type=\"heading.default\">\n\t\t\t\t\t<h2 class=\"elementor-heading-title elementor-size-default\">01<\/h2>\t\t\t\t<\/div>\n\t\t\t\t<div class=\"elementor-element elementor-element-d7b2d33 elementor-widget elementor-widget-heading\" data-id=\"d7b2d33\" data-element_type=\"widget\" data-e-type=\"widget\" data-widget_type=\"heading.default\">\n\t\t\t\t\t<h2 class=\"elementor-heading-title elementor-size-default\">AI SOC como servicio<\/h2>\t\t\t\t<\/div>\n\t\t\t\t<div class=\"elementor-element elementor-element-812966b elementor-widget elementor-widget-text-editor\" data-id=\"812966b\" data-element_type=\"widget\" data-e-type=\"widget\" data-widget_type=\"text-editor.default\">\n\t\t\t\t\t\t\t\t\t<p>Monitoreo continuo e investigaci\u00f3n automatizada de alertas de seguridad.<\/p>\t\t\t\t\t\t\t\t<\/div>\n\t\t\t\t<div class=\"elementor-element elementor-element-b3027e6 ha-has-bg-overlay elementor-widget elementor-widget-heading\" data-id=\"b3027e6\" data-element_type=\"widget\" data-e-type=\"widget\" data-widget_type=\"heading.default\">\n\t\t\t\t\t<p class=\"elementor-heading-title elementor-size-default\">Impulsado por Radiant Security.<\/p>\t\t\t\t<\/div>\n\t\t\t\t<\/div>\n\t\t<div class=\"elementor-element elementor-element-6403b09 e-con-full single_item active e-flex e-con e-child\" data-id=\"6403b09\" data-element_type=\"container\" data-e-type=\"container\" data-settings=\"{&quot;_ha_eqh_enable&quot;:false}\">\n\t\t\t\t<div class=\"elementor-element elementor-element-e65d440 elementor-widget elementor-widget-heading\" data-id=\"e65d440\" data-element_type=\"widget\" data-e-type=\"widget\" data-widget_type=\"heading.default\">\n\t\t\t\t\t<h2 class=\"elementor-heading-title elementor-size-default\">02<\/h2>\t\t\t\t<\/div>\n\t\t\t\t<div class=\"elementor-element elementor-element-685e83a elementor-widget elementor-widget-heading\" data-id=\"685e83a\" data-element_type=\"widget\" data-e-type=\"widget\" data-widget_type=\"heading.default\">\n\t\t\t\t\t<h2 class=\"elementor-heading-title elementor-size-default\">Detecci\u00f3n de Amenazas<\/h2>\t\t\t\t<\/div>\n\t\t\t\t<div class=\"elementor-element elementor-element-d6a6269 elementor-widget elementor-widget-text-editor\" data-id=\"d6a6269\" data-element_type=\"widget\" data-e-type=\"widget\" data-widget_type=\"text-editor.default\">\n\t\t\t\t\t\t\t\t\t<p>An\u00e1lisis impulsado por IA de alertas en m\u00faltiples herramientas de seguridad.<\/p>\t\t\t\t\t\t\t\t<\/div>\n\t\t\t\t<\/div>\n\t\t<div class=\"elementor-element elementor-element-4b871a3 e-con-full single_item  e-flex e-con e-child\" data-id=\"4b871a3\" data-element_type=\"container\" data-e-type=\"container\" data-settings=\"{&quot;_ha_eqh_enable&quot;:false}\">\n\t\t\t\t<div class=\"elementor-element elementor-element-dfa2f82 elementor-widget elementor-widget-heading\" data-id=\"dfa2f82\" data-element_type=\"widget\" data-e-type=\"widget\" data-widget_type=\"heading.default\">\n\t\t\t\t\t<h2 class=\"elementor-heading-title elementor-size-default\">03<\/h2>\t\t\t\t<\/div>\n\t\t\t\t<div class=\"elementor-element elementor-element-3ee1672 elementor-widget elementor-widget-heading\" data-id=\"3ee1672\" data-element_type=\"widget\" data-e-type=\"widget\" data-widget_type=\"heading.default\">\n\t\t\t\t\t<h2 class=\"elementor-heading-title elementor-size-default\">Respuesta a incidentes<\/h2>\t\t\t\t<\/div>\n\t\t\t\t<div class=\"elementor-element elementor-element-8f51f29 elementor-widget elementor-widget-text-editor\" data-id=\"8f51f29\" data-element_type=\"widget\" data-e-type=\"widget\" data-widget_type=\"text-editor.default\">\n\t\t\t\t\t\t\t\t\t<p>Contenci\u00f3n y remediaci\u00f3n r\u00e1pidas de ciberataques.<\/p>\t\t\t\t\t\t\t\t<\/div>\n\t\t\t\t<\/div>\n\t\t<div class=\"elementor-element elementor-element-07d9d09 e-con-full single_item  e-flex e-con e-child\" data-id=\"07d9d09\" data-element_type=\"container\" data-e-type=\"container\" data-settings=\"{&quot;_ha_eqh_enable&quot;:false}\">\n\t\t\t\t<div class=\"elementor-element elementor-element-b146116 elementor-widget elementor-widget-heading\" data-id=\"b146116\" data-element_type=\"widget\" data-e-type=\"widget\" data-widget_type=\"heading.default\">\n\t\t\t\t\t<h2 class=\"elementor-heading-title elementor-size-default\">04<\/h2>\t\t\t\t<\/div>\n\t\t\t\t<div class=\"elementor-element elementor-element-41cedec elementor-widget elementor-widget-heading\" data-id=\"41cedec\" data-element_type=\"widget\" data-e-type=\"widget\" data-widget_type=\"heading.default\">\n\t\t\t\t\t<h2 class=\"elementor-heading-title elementor-size-default\">An\u00e1lisis forense digital<\/h2>\t\t\t\t<\/div>\n\t\t\t\t<div class=\"elementor-element elementor-element-60ce815 elementor-widget elementor-widget-text-editor\" data-id=\"60ce815\" data-element_type=\"widget\" data-e-type=\"widget\" data-widget_type=\"text-editor.default\">\n\t\t\t\t\t\t\t\t\t<p>Investigaci\u00f3n y reconstrucci\u00f3n de incidentes de seguridad con pruebas<br \/>integridad.<\/p>\t\t\t\t\t\t\t\t<\/div>\n\t\t\t\t<\/div>\n\t\t\t\t<\/div>\n\t\t\t\t<\/div>\n\t\t\t\t<\/div>\n\t\t\t\t<div class=\"elementor-element elementor-element-8b477ee elementor-absolute elementor-widget-tablet__width-initial hero_left_shape elementor-widget elementor-widget-image\" data-id=\"8b477ee\" data-element_type=\"widget\" data-e-type=\"widget\" data-settings=\"{&quot;_position&quot;:&quot;absolute&quot;}\" data-widget_type=\"image.default\">\n\t\t\t\t\t\t\t\t\t\t\t\t\t\t\t<img decoding=\"async\" width=\"641\" height=\"827\" src=\"https:\/\/mscyber.tech\/wp-content\/uploads\/2026\/03\/Group-1261153010-1.webp\" class=\"attachment-full size-full wp-image-1810\" alt=\"\" srcset=\"https:\/\/mscyber.tech\/wp-content\/uploads\/2026\/03\/Group-1261153010-1.webp 641w, https:\/\/mscyber.tech\/wp-content\/uploads\/2026\/03\/Group-1261153010-1-233x300.webp 233w, https:\/\/mscyber.tech\/wp-content\/uploads\/2026\/03\/Group-1261153010-1-9x12.webp 9w\" sizes=\"(max-width: 641px) 100vw, 641px\" \/>\t\t\t\t\t\t\t\t\t\t\t\t\t\t\t<\/div>\n\t\t\t\t<div class=\"elementor-element elementor-element-55d6702 elementor-absolute elementor-widget-tablet__width-initial hero_left_shape elementor-widget elementor-widget-image\" data-id=\"55d6702\" data-element_type=\"widget\" data-e-type=\"widget\" data-settings=\"{&quot;_position&quot;:&quot;absolute&quot;}\" data-widget_type=\"image.default\">\n\t\t\t\t\t\t\t\t\t\t\t\t\t\t\t<img loading=\"lazy\" decoding=\"async\" width=\"641\" height=\"827\" src=\"https:\/\/mscyber.tech\/wp-content\/uploads\/2026\/03\/Group-1261153006-1.webp\" class=\"attachment-full size-full wp-image-1811\" alt=\"\" srcset=\"https:\/\/mscyber.tech\/wp-content\/uploads\/2026\/03\/Group-1261153006-1.webp 641w, https:\/\/mscyber.tech\/wp-content\/uploads\/2026\/03\/Group-1261153006-1-233x300.webp 233w, https:\/\/mscyber.tech\/wp-content\/uploads\/2026\/03\/Group-1261153006-1-9x12.webp 9w\" sizes=\"(max-width: 641px) 100vw, 641px\" \/>\t\t\t\t\t\t\t\t\t\t\t\t\t\t\t<\/div>\n\t\t\t\t<div class=\"elementor-element elementor-element-f9f4ba9 elementor-widget elementor-widget-html\" data-id=\"f9f4ba9\" data-element_type=\"widget\" data-e-type=\"widget\" data-widget_type=\"html.default\">\n\t\t\t\t\t\n\n\n\n\n<script>\njQuery(window).on('load', function() {\n    jQuery('.hero_left_shape').css('display', 'block').hide().fadeIn(800);\n});\n<\/script>\t\t\t\t<\/div>\n\t\t\t\t\t<\/div>\n\t\t\t\t<\/div>\n\t\t\t\t<\/div>","protected":false},"excerpt":{"rendered":"<p>Home \/ Solutions \/ AI SOC AI-Driven Security Operations Mercurius AI SOC combines automation and expert analysis to detect and respond to threats faster than traditional security operations. Get in Touch 01 02 03 04 01 AI SOC as a Service Continuous monitoring and automated investigation of security alerts. Powered by Radiant Security. 02 Threat [&hellip;]<\/p>\n","protected":false},"author":3,"featured_media":987,"parent":0,"menu_order":0,"comment_status":"closed","ping_status":"closed","template":"elementor_header_footer","meta":{"footnotes":""},"class_list":["post-1990","page","type-page","status-publish","has-post-thumbnail","hentry"],"_hostinger_reach_plugin_has_subscription_block":false,"_hostinger_reach_plugin_is_elementor":false,"_links":{"self":[{"href":"https:\/\/mscyber.tech\/es\/wp-json\/wp\/v2\/pages\/1990","targetHints":{"allow":["GET"]}}],"collection":[{"href":"https:\/\/mscyber.tech\/es\/wp-json\/wp\/v2\/pages"}],"about":[{"href":"https:\/\/mscyber.tech\/es\/wp-json\/wp\/v2\/types\/page"}],"author":[{"embeddable":true,"href":"https:\/\/mscyber.tech\/es\/wp-json\/wp\/v2\/users\/3"}],"replies":[{"embeddable":true,"href":"https:\/\/mscyber.tech\/es\/wp-json\/wp\/v2\/comments?post=1990"}],"version-history":[{"count":10,"href":"https:\/\/mscyber.tech\/es\/wp-json\/wp\/v2\/pages\/1990\/revisions"}],"predecessor-version":[{"id":2017,"href":"https:\/\/mscyber.tech\/es\/wp-json\/wp\/v2\/pages\/1990\/revisions\/2017"}],"wp:featuredmedia":[{"embeddable":true,"href":"https:\/\/mscyber.tech\/es\/wp-json\/wp\/v2\/media\/987"}],"wp:attachment":[{"href":"https:\/\/mscyber.tech\/es\/wp-json\/wp\/v2\/media?parent=1990"}],"curies":[{"name":"wp","href":"https:\/\/api.w.org\/{rel}","templated":true}]}}